{"id":53,"date":"2021-01-29T00:16:03","date_gmt":"2021-01-29T03:16:03","guid":{"rendered":"https:\/\/lconstantinidiseguros.com\/samoa\/?post_type=product&#038;p=53"},"modified":"2025-12-21T15:26:51","modified_gmt":"2025-12-21T18:26:51","slug":"isla-gorriti","status":"publish","type":"product","link":"https:\/\/crucerosamoa.com\/index.php\/product\/isla-gorriti\/","title":{"rendered":"Isla Gorriti"},"content":{"rendered":"<p>Salidas diarias (sujetas al estado clim\u00e1tico).<br \/>\nPrimera salida hora 9:00 y el \u00faltimo Regreso de La Isla es 18:15<\/p>\n<p>Partidas cada media hora.<\/p>\n<p>Continuamos con todas las normas de protocolo Covid-19 respetando todas las sugerencias gubernamentales.<\/p>\n<p class=\"font_5\">Mejor temporada: de Diciembre a Mayo.<\/p>\n<p class=\"font_8\">Esta isla est\u00e1 ubicada frente a la Bah\u00eda de Maldonado. Su primer nombre fue Isla de las Palmas, luego Isla de Maldonado y finalmente a partir de 1771 Isla de Gorriti, la misma est\u00e1 a una distancia de 2 kmts. de Punta del Este y a 8 kmts. de Punta Ballena.<br \/>\nEsta Isla tiene una superficie de 42 hect\u00e1reas y fue refugio de piratas y navegantes. La situaci\u00f3n estrat\u00e9gica que posee despierta el inter\u00e9s de espa\u00f1oles y portugueses el el momento del reparto de tierras del nuevo mundo.<\/p>\n","protected":false},"excerpt":{"rendered":"<p>Salidas diarias (sujetas al estado clim\u00e1tico). Primera salida hora 9:00 y el \u00faltimo Regreso de La Isla es 18:15 Partidas cada media hora. Continuamos con todas las normas de protocolo &#8230;<\/p>\n","protected":false},"featured_media":14,"comment_status":"closed","ping_status":"closed","template":"","meta":[],"product_brand":[],"product_cat":[17],"product_tag":[24,23,26,25,31,28,27,30,29],"class_list":{"0":"post-53","1":"product","2":"type-product","3":"status-publish","4":"has-post-thumbnail","6":"product_cat-ig","7":"product_tag-alquiler-de-embarcacion","8":"product_tag-alquiler-de-yate","9":"product_tag-isla-de-lobos","10":"product_tag-isla-gorriti","11":"product_tag-paseo-en-barco","12":"product_tag-pesca-colectiva","13":"product_tag-pesca-deportiva","14":"product_tag-puerto-punta-del-este","15":"product_tag-punta-del-este","16":"wt_location-maldonado","17":"wt_location-punta-del-este","19":"first","20":"instock","21":"featured","22":"sold-individually","23":"shipping-taxable","24":"purchasable","25":"product-type-simple"},"_links":{"self":[{"href":"https:\/\/crucerosamoa.com\/index.php\/wp-json\/wp\/v2\/product\/53","targetHints":{"allow":["GET"]}}],"collection":[{"href":"https:\/\/crucerosamoa.com\/index.php\/wp-json\/wp\/v2\/product"}],"about":[{"href":"https:\/\/crucerosamoa.com\/index.php\/wp-json\/wp\/v2\/types\/product"}],"replies":[{"embeddable":true,"href":"https:\/\/crucerosamoa.com\/index.php\/wp-json\/wp\/v2\/comments?post=53"}],"wp:featuredmedia":[{"embeddable":true,"href":"https:\/\/crucerosamoa.com\/index.php\/wp-json\/wp\/v2\/media\/14"}],"wp:attachment":[{"href":"https:\/\/crucerosamoa.com\/index.php\/wp-json\/wp\/v2\/media?parent=53"}],"wp:term":[{"taxonomy":"product_brand","embeddable":true,"href":"https:\/\/crucerosamoa.com\/index.php\/wp-json\/wp\/v2\/product_brand?post=53"},{"taxonomy":"product_cat","embeddable":true,"href":"https:\/\/crucerosamoa.com\/index.php\/wp-json\/wp\/v2\/product_cat?post=53"},{"taxonomy":"product_tag","embeddable":true,"href":"https:\/\/crucerosamoa.com\/index.php\/wp-json\/wp\/v2\/product_tag?post=53"}],"curies":[{"name":"wp","href":"https:\/\/api.w.org\/{rel}","templated":true}]}}